{"id":16115,"date":"2023-10-02T11:31:42","date_gmt":"2023-10-02T11:31:42","guid":{"rendered":"https:\/\/designingmedia.com\/artelligence\/?page_id=16115"},"modified":"2025-09-10T12:50:07","modified_gmt":"2025-09-10T09:50:07","slug":"iletisim","status":"publish","type":"page","link":"https:\/\/www.miragerobotik.com\/index.php\/iletisim\/","title":{"rendered":"\u0130leti\u015fim"},"content":{"rendered":"\t\t<div data-elementor-type=\"wp-page\" data-elementor-id=\"16115\" class=\"elementor elementor-16115\">\n\t\t\t\t<div class=\"elementor-element elementor-element-d40b2d9 e-flex e-con-boxed e-con e-parent\" data-id=\"d40b2d9\" data-element_type=\"container\" data-settings=\"{&quot;background_background&quot;:&quot;classic&quot;}\">\n\t\t\t\t\t<div class=\"e-con-inner\">\n\t\t<div class=\"elementor-element elementor-element-32ffe94 e-con-full e-flex e-con e-child\" data-id=\"32ffe94\" data-element_type=\"container\">\n\t\t<div class=\"elementor-element elementor-element-28ab692 home3-contact e-con-full e-flex e-con e-child\" data-id=\"28ab692\" data-element_type=\"container\">\n\t\t<div class=\"elementor-element elementor-element-0aac635 e-con-full e-flex e-con e-child\" data-id=\"0aac635\" data-element_type=\"container\">\n\t\t\t\t<div class=\"elementor-element elementor-element-16f40c6 animated-fast elementor-invisible elementor-widget elementor-widget-heading\" data-id=\"16f40c6\" data-element_type=\"widget\" data-settings=\"{&quot;_animation&quot;:&quot;fadeInUp&quot;}\" data-widget_type=\"heading.default\">\n\t\t\t\t\t<h2 class=\"elementor-heading-title elementor-size-default\"><b>Mirage Robotik<\/b><\/h2>\t\t\t\t<\/div>\n\t\t\t\t<div class=\"elementor-element elementor-element-2919246 animated-fast elementor-invisible elementor-widget elementor-widget-heading\" data-id=\"2919246\" data-element_type=\"widget\" data-settings=\"{&quot;_animation&quot;:&quot;fadeInUp&quot;,&quot;_animation_delay&quot;:200}\" data-widget_type=\"heading.default\">\n\t\t\t\t\t<h2 class=\"elementor-heading-title elementor-size-default\">\u0130leti\u015fim Bilgilerimiz<\/h2>\t\t\t\t<\/div>\n\t\t<div class=\"elementor-element elementor-element-433c7ef animated-fast e-con-full e-flex elementor-invisible e-con e-child\" data-id=\"433c7ef\" data-element_type=\"container\" data-settings=\"{&quot;animation&quot;:&quot;fadeInUp&quot;,&quot;animation_delay&quot;:400}\">\n\t\t<div class=\"elementor-element elementor-element-5bb3486 e-con-full e-flex e-con e-child\" data-id=\"5bb3486\" data-element_type=\"container\" data-settings=\"{&quot;background_background&quot;:&quot;classic&quot;}\">\n\t\t<div class=\"elementor-element elementor-element-fe988fc e-con-full e-flex e-con e-child\" data-id=\"fe988fc\" data-element_type=\"container\">\n\t\t<div class=\"elementor-element elementor-element-1919666 e-con-full e-flex e-con e-child\" data-id=\"1919666\" data-element_type=\"container\">\n\t\t\t\t<div class=\"elementor-element elementor-element-34fc1e1 elementor-widget elementor-widget-heading\" data-id=\"34fc1e1\" data-element_type=\"widget\" data-widget_type=\"heading.default\">\n\t\t\t\t\t<h4 class=\"elementor-heading-title elementor-size-default\">Adres:<\/h4>\t\t\t\t<\/div>\n\t\t\t\t<div class=\"elementor-element elementor-element-a11a4d1 elementor-widget elementor-widget-text-editor\" data-id=\"a11a4d1\" data-element_type=\"widget\" data-widget_type=\"text-editor.default\">\n\t\t\t\t\t\t\t\t\t<p class=\"p1\"><a href=\"https:\/\/www.google.com\/maps\/place\/Nuroltower\/@41.0677497,28.9834784,17z\/data=!3m2!4b1!5s0x14cab6e2e9e37371:0x1cbfb60a0f2d15d3!4m6!3m5!1s0x14cab71f38024d73:0x2bb1ca0560f7c55c!8m2!3d41.0677457!4d28.9860533!16s%2Fg%2F11j0wmjkfv?entry=ttu&amp;g_ep=EgoyMDI1MDkwMy4wIKXMDSoASAFQAw%3D%3D\">\u0130zzet Pa\u015fa Mah. Yeni Yol Cad. Nurol Tower No:3 \u0130\u00e7 Kap\u0131 No: 251 \u015ei\u015fli \/ \u0130stanbul<\/a><br><br><\/p>\t\t\t\t\t\t\t\t<\/div>\n\t\t\t\t<\/div>\n\t\t\t\t<\/div>\n\t\t<div class=\"elementor-element elementor-element-b9a42b0 e-con-full e-flex e-con e-child\" data-id=\"b9a42b0\" data-element_type=\"container\">\n\t\t<div class=\"elementor-element elementor-element-b26bfb9 e-con-full e-flex e-con e-child\" data-id=\"b26bfb9\" data-element_type=\"container\">\n\t\t\t\t<div class=\"elementor-element elementor-element-39856e6 elementor-widget elementor-widget-heading\" data-id=\"39856e6\" data-element_type=\"widget\" data-widget_type=\"heading.default\">\n\t\t\t\t\t<h4 class=\"elementor-heading-title elementor-size-default\">Telefon:<\/h4>\t\t\t\t<\/div>\n\t\t\t\t<div class=\"elementor-element elementor-element-248bff5 elementor-widget elementor-widget-text-editor\" data-id=\"248bff5\" data-element_type=\"widget\" data-widget_type=\"text-editor.default\">\n\t\t\t\t\t\t\t\t\t<p><a href=\"tel:+905421689979\">+905421689979<\/a><br \/><br \/><\/p>\t\t\t\t\t\t\t\t<\/div>\n\t\t\t\t<\/div>\n\t\t\t\t<\/div>\n\t\t<div class=\"elementor-element elementor-element-1bedb94 e-con-full e-flex e-con e-child\" data-id=\"1bedb94\" data-element_type=\"container\">\n\t\t<div class=\"elementor-element elementor-element-05703b5 e-con-full e-flex e-con e-child\" data-id=\"05703b5\" data-element_type=\"container\">\n\t\t\t\t<div class=\"elementor-element elementor-element-f12f17d elementor-widget elementor-widget-heading\" data-id=\"f12f17d\" data-element_type=\"widget\" data-widget_type=\"heading.default\">\n\t\t\t\t\t<h4 class=\"elementor-heading-title elementor-size-default\">Email<\/h4>\t\t\t\t<\/div>\n\t\t\t\t<div class=\"elementor-element elementor-element-3243118 elementor-widget elementor-widget-text-editor\" data-id=\"3243118\" data-element_type=\"widget\" data-widget_type=\"text-editor.default\">\n\t\t\t\t\t\t\t\t\t<p><a href=\"mailto:info@miragerobotik.com\">info@miragerobotik.com<\/a><\/p>\t\t\t\t\t\t\t\t<\/div>\n\t\t\t\t<\/div>\n\t\t\t\t<\/div>\n\t\t\t\t<\/div>\n\t\t\t\t<\/div>\n\t\t\t\t<\/div>\n\t\t\t\t<\/div>\n\t\t\t\t<div class=\"elementor-element elementor-element-ec745ef elementor-widget elementor-widget-heading\" data-id=\"ec745ef\" data-element_type=\"widget\" data-widget_type=\"heading.default\">\n\t\t\t\t\t<h2 class=\"elementor-heading-title elementor-size-default\">\u0130leti\u015fim &amp; Teklif Formu<\/h2>\t\t\t\t<\/div>\n\t\t\t\t<div class=\"elementor-element elementor-element-0ee1798 elementor-widget elementor-widget-text-editor\" data-id=\"0ee1798\" data-element_type=\"widget\" data-widget_type=\"text-editor.default\">\n\t\t\t\t\t\t\t\t\t<p><strong>\u00dcr\u00fcnlerimiz hakk\u0131nda bilgi almak ya da hizmetlerimizi daha yak\u0131ndan tan\u0131mak i\u00e7in bizlere ula\u015f\u0131n.<\/strong><\/p>\t\t\t\t\t\t\t\t<\/div>\n\t\t\t\t<div class=\"elementor-element elementor-element-02e8d47 elementor-widget elementor-widget-wpforms\" data-id=\"02e8d47\" data-element_type=\"widget\" data-widget_type=\"wpforms.default\">\n\t\t\t\t<div class=\"elementor-widget-container\">\n\t\t\t\t\t<style id=\"wpforms-css-vars-elementor-widget-02e8d47\">\n\t\t\t\t.elementor-widget-wpforms.elementor-element-02e8d47 {\n\t\t\t\t--wpforms-field-background-color: #FFFFFF;\n--wpforms-field-border-color: #cccccc;\n--wpforms-field-border-color-spare: #cccccc;\n--wpforms-field-text-color: #000000;\n--wpforms-label-color: #FFFFFF;\n--wpforms-label-sublabel-color: #FFFFFF;\n--wpforms-label-error-color: #FFFFFF;\n--wpforms-button-border-style: solid;\n--wpforms-button-border-radius: 5px;\n--wpforms-button-background-color: #EB8826;\n--wpforms-button-border-color: #EB8826;\n--wpforms-button-text-color: #FFFFFF;\n--wpforms-page-break-color: #dddddd;\n--wpforms-label-size-font-size: 14px;\n--wpforms-label-size-line-height: 17px;\n--wpforms-label-size-sublabel-font-size: 13px;\n--wpforms-label-size-sublabel-line-height: 16px;\n\n\t\t\t}\n\t\t\t<\/style><div class=\"wpforms-container wpforms-container-full wpforms-render-modern\" id=\"wpforms-26341\"><form id=\"wpforms-form-26341\" class=\"wpforms-validate wpforms-form wpforms-ajax-form\" data-formid=\"26341\" method=\"post\" enctype=\"multipart\/form-data\" action=\"\/index.php\/wp-json\/wp\/v2\/pages\/16115\" data-token=\"d6bf283b59c564a18422275cea98ecde\" data-token-time=\"1776398231\"><noscript class=\"wpforms-error-noscript\">Bu formu bitirebilmek i\u00e7in taray\u0131c\u0131n\u0131zda JavaScript&#039;i etkinle\u015ftirin.<\/noscript><div id=\"wpforms-error-noscript\" style=\"display: none;\">Bu formu bitirebilmek i\u00e7in taray\u0131c\u0131n\u0131zda JavaScript&#039;i etkinle\u015ftirin.<\/div><div class=\"wpforms-field-container\"><div id=\"wpforms-26341-field_1-container\" class=\"wpforms-field wpforms-field-name\" data-field-id=\"1\"><fieldset><legend class=\"wpforms-field-label\">Ad\u0131 Soyad\u0131 <span class=\"wpforms-required-label\" aria-hidden=\"true\">*<\/span><\/legend><div class=\"wpforms-field-row wpforms-field-medium\"><div class=\"wpforms-field-row-block wpforms-first wpforms-one-half\"><input type=\"text\" id=\"wpforms-26341-field_1\" class=\"wpforms-field-name-first wpforms-field-required\" name=\"wpforms[fields][1][first]\" aria-errormessage=\"wpforms-26341-field_1-error\" required><label for=\"wpforms-26341-field_1\" class=\"wpforms-field-sublabel after\">Ad<\/label><\/div><div class=\"wpforms-field-row-block wpforms-one-half\"><input type=\"text\" id=\"wpforms-26341-field_1-last\" class=\"wpforms-field-name-last wpforms-field-required\" name=\"wpforms[fields][1][last]\" aria-errormessage=\"wpforms-26341-field_1-last-error\" required><label for=\"wpforms-26341-field_1-last\" class=\"wpforms-field-sublabel after\">Soyad<\/label><\/div><\/div><\/fieldset><\/div>\t\t<div id=\"wpforms-26341-field_4-container\"\n\t\t\tclass=\"wpforms-field wpforms-field-text\"\n\t\t\tdata-field-type=\"text\"\n\t\t\tdata-field-id=\"4\"\n\t\t\t>\n\t\t\t<label class=\"wpforms-field-label\" for=\"wpforms-26341-field_4\" >Soyad\u0131 E-posta Ad\u0131<\/label>\n\t\t\t<input type=\"text\" id=\"wpforms-26341-field_4\" class=\"wpforms-field-medium\" name=\"wpforms[fields][4]\" >\n\t\t<\/div>\n\t\t<div id=\"wpforms-26341-field_2-container\" class=\"wpforms-field wpforms-field-email\" data-field-id=\"2\"><label class=\"wpforms-field-label\" for=\"wpforms-26341-field_2\">E-posta <span class=\"wpforms-required-label\" aria-hidden=\"true\">*<\/span><\/label><input type=\"email\" id=\"wpforms-26341-field_2\" class=\"wpforms-field-medium wpforms-field-required\" name=\"wpforms[fields][2]\" spellcheck=\"false\" aria-errormessage=\"wpforms-26341-field_2-error\" required><\/div><div id=\"wpforms-26341-field_3-container\" class=\"wpforms-field wpforms-field-textarea\" data-field-id=\"3\"><label class=\"wpforms-field-label\" for=\"wpforms-26341-field_3\">Yorum veya Mesaj<\/label><textarea id=\"wpforms-26341-field_3\" class=\"wpforms-field-medium\" name=\"wpforms[fields][3]\" aria-errormessage=\"wpforms-26341-field_3-error\" ><\/textarea><\/div><script>\n\t\t\t\t( function() {\n\t\t\t\t\tconst style = document.createElement( 'style' );\n\t\t\t\t\tstyle.appendChild( document.createTextNode( '#wpforms-26341-field_4-container { position: absolute !important; overflow: hidden !important; display: inline !important; height: 1px !important; width: 1px !important; z-index: -1000 !important; padding: 0 !important; } #wpforms-26341-field_4-container input { visibility: hidden; } #wpforms-conversational-form-page #wpforms-26341-field_4-container label { counter-increment: none; }' ) );\n\t\t\t\t\tdocument.head.appendChild( style );\n\t\t\t\t\tdocument.currentScript?.remove();\n\t\t\t\t} )();\n\t\t\t<\/script><\/div><!-- .wpforms-field-container --><div class=\"wpforms-submit-container\" ><input type=\"hidden\" name=\"wpforms[id]\" value=\"26341\"><input type=\"hidden\" name=\"page_title\" value=\"\"><input type=\"hidden\" name=\"page_url\" value=\"https:\/\/www.miragerobotik.com\/index.php\/wp-json\/wp\/v2\/pages\/16115\"><input type=\"hidden\" name=\"url_referer\" value=\"\"><button type=\"submit\" name=\"wpforms[submit]\" id=\"wpforms-submit-26341\" class=\"wpforms-submit\" data-alt-text=\"G\u00f6nderiliyor...\" data-submit-text=\"G\u00f6nder\" aria-live=\"assertive\" value=\"wpforms-submit\">G\u00f6nder<\/button><img decoding=\"async\" src=\"https:\/\/www.miragerobotik.com\/wp-content\/plugins\/wpforms-lite\/assets\/images\/submit-spin.svg\" class=\"wpforms-submit-spinner\" style=\"display: none;\" width=\"26\" height=\"26\" alt=\"Y\u00fckleniyor\"><\/div><\/form><\/div>  <!-- .wpforms-container -->\t\t\t\t<\/div>\n\t\t\t\t<\/div>\n\t\t\t\t<\/div>\n\t\t\t\t\t<\/div>\n\t\t\t\t<\/div>\n\t\t\t\t<\/div>\n\t\t","protected":false},"excerpt":{"rendered":"<p>Mirage Robotik \u0130leti\u015fim Bilgilerimiz Adres: \u0130zzet Pa\u015fa Mah. Yeni Yol Cad. Nurol Tower No:3 \u0130\u00e7 Kap\u0131 No: 251 \u015ei\u015fli \/ \u0130stanbul Telefon: +905421689979 Email info@miragerobotik.com \u0130leti\u015fim &amp; Teklif Formu \u00dcr\u00fcnlerimiz hakk\u0131nda bilgi almak ya da hizmetlerimizi daha yak\u0131ndan tan\u0131mak i\u00e7in bizlere ula\u015f\u0131n. Bu formu bitirebilmek i\u00e7in taray\u0131c\u0131n\u0131zda JavaScript&#039;i etkinle\u015ftirin.Bu formu bitirebilmek i\u00e7in taray\u0131c\u0131n\u0131zda JavaScript&#039;i etkinle\u015ftirin. [&hellip;]<\/p>\n","protected":false},"author":1,"featured_media":15414,"parent":0,"menu_order":0,"comment_status":"closed","ping_status":"closed","template":"elementor_header_footer","meta":{"_monsterinsights_skip_tracking":false,"_monsterinsights_sitenote_active":false,"_monsterinsights_sitenote_note":"","_monsterinsights_sitenote_category":0,"footnotes":""},"class_list":["post-16115","page","type-page","status-publish","has-post-thumbnail","hentry"],"aioseo_notices":[],"_links":{"self":[{"href":"https:\/\/www.miragerobotik.com\/index.php\/wp-json\/wp\/v2\/pages\/16115","targetHints":{"allow":["GET"]}}],"collection":[{"href":"https:\/\/www.miragerobotik.com\/index.php\/wp-json\/wp\/v2\/pages"}],"about":[{"href":"https:\/\/www.miragerobotik.com\/index.php\/wp-json\/wp\/v2\/types\/page"}],"author":[{"embeddable":true,"href":"https:\/\/www.miragerobotik.com\/index.php\/wp-json\/wp\/v2\/users\/1"}],"replies":[{"embeddable":true,"href":"https:\/\/www.miragerobotik.com\/index.php\/wp-json\/wp\/v2\/comments?post=16115"}],"version-history":[{"count":31,"href":"https:\/\/www.miragerobotik.com\/index.php\/wp-json\/wp\/v2\/pages\/16115\/revisions"}],"predecessor-version":[{"id":26665,"href":"https:\/\/www.miragerobotik.com\/index.php\/wp-json\/wp\/v2\/pages\/16115\/revisions\/26665"}],"wp:featuredmedia":[{"embeddable":true,"href":"https:\/\/www.miragerobotik.com\/index.php\/wp-json\/wp\/v2\/media\/15414"}],"wp:attachment":[{"href":"https:\/\/www.miragerobotik.com\/index.php\/wp-json\/wp\/v2\/media?parent=16115"}],"curies":[{"name":"wp","href":"https:\/\/api.w.org\/{rel}","templated":true}]}}